{"id":737,"date":"2026-02-15T14:06:09","date_gmt":"2026-02-15T13:06:09","guid":{"rendered":"https:\/\/ccbbcyclo.fr\/?page_id=737"},"modified":"2026-02-15T16:26:38","modified_gmt":"2026-02-15T15:26:38","slug":"37-eme-edition-randonnee-ccbb","status":"publish","type":"page","link":"https:\/\/ccbbcyclo.fr\/index.php\/37-eme-edition-randonnee-ccbb\/","title":{"rendered":"37 \u00e8me \u00e9dition randonn\u00e9e CCBB"},"content":{"rendered":"\n<p><\/p>\n\n\n\n<p class=\"has-text-align-center has-text-color has-link-color has-x-large-font-size wp-elements-4bd10f026a4491636d7c8c1796009db6\" style=\"color:#5e7975;font-style:normal;font-weight:700\">37 \u00e9me \u00e9dition de notre randonn\u00e9e annuelle<\/p>\n\n\n\n<div style=\"height:70px\" aria-hidden=\"true\" class=\"wp-block-spacer\"><\/div>\n\n\n\n<p class=\"has-text-align-center has-greyish-purple-color has-text-color has-link-color has-medium-font-size wp-elements-14af8887e12ff57ade96b8d8acd48843\"><strong><em>Le CYCLO &#8211; CLUB de BOULOGNE BILLANCOURT vous invite le samedi 28 mars 2026&nbsp;\u00e0 la 37\u00e8me \u00e9dition de<\/em><\/strong><\/p>\n\n\n\n<div style=\"height:85px\" aria-hidden=\"true\" class=\"wp-block-spacer\"><\/div>\n\n\n\n<div class=\"wp-block-columns is-layout-flex wp-container-core-columns-is-layout-9d6595d7 wp-block-columns-is-layout-flex\">\n<div class=\"wp-block-column is-layout-flow wp-block-column-is-layout-flow\">\n<p><strong>Boulogne-Billancourt &lt;-&gt; Chateauneuf en Thymerais, challenge \u00ab\u00a0Christian RICHON\u00a0\u00bb sur le parcours de 220 Km.<\/strong><\/p>\n<\/div>\n\n\n\n<div class=\"wp-block-column is-layout-flow wp-block-column-is-layout-flow\">\n<p><strong>Boulogne-Billancourt &lt;-&gt; Les Breviaires et \u00e9tangs de Hollande challenge \u00ab\u00a0Danielle RICHON\u00a0\u00bb sur le parcours de 110 Km<\/strong><\/p>\n<\/div>\n<\/div>\n\n\n\n<ul class=\"wp-block-list\">\n<li><\/li>\n<\/ul>\n\n\n\n<p>Le d\u00e9part sera donn\u00e9 \u00e0 la marie de Boulogne-Billancourt: Mairie de Boulogne-Billancourt au 26 Avenue Andr\u00e9 Morizet, 92100 Boulogne-Billancourt.<\/p>\n\n\n\n<p>Arriv\u00e9e: 11 rue de Clamart, 92100 Boulogne-Billancourt<\/p>\n\n\n\n<p style=\"text-decoration:underline\"><strong>Deux possibilit\u00e9s d&rsquo;inscriptions:<\/strong><\/p>\n\n\n\n<ul class=\"wp-block-list\">\n<li>Via le portail HELLOASSO \u00e0 partir du 15 FEVRIER 2026 jusqu&rsquo;au 27 MARS inclus (et avant le 22 MARS pour b\u00e9n\u00e9ficier du plateau repas sur le 220 KM):<\/li>\n<\/ul>\n\n\n\n<figure class=\"wp-block-table has-small-font-size\"><table><tbody><tr><td>Boulogne-Ch\u00e2teauneuf en Thymerais-Boulogne 220km: <a href=\"https:\/\/www.helloasso.com\/associations\/cyclo-club-boulogne-billancourt\/evenements\/boulogne-chateauneuf-en-thymerais-boulogne-220km-2026-1\">https:\/\/www.helloasso.com\/associations\/cyclo-club-boulogne-billancourt\/evenements\/boulogne-chateauneuf-en-thymerais-boulogne-220km-2026-1<\/a><\/td><td>220 Km<\/td><td class=\"has-text-align-center\" data-align=\"center\">N\u00b0 de parcours Openrunner:<br><strong>16316254<\/strong><\/td><\/tr><tr><td>Boulogne-Billancourt &lt;-&gt; Les breviaires et \u00e9tangs de Hollande challenge \u00ab\u00a0Danielle RICHON\u00a0\u00bbBoulogne-Etangs de Hollande-Boulogne 110km:  <a href=\"https:\/\/www.helloasso.com\/associations\/cyclo-club-boulogne-billancourt\/evenements\/boulogne-etangs-de-hollande-boulogne-110km-2026-1\">https:\/\/www.helloasso.com\/associations\/cyclo-club-boulogne-billancourt\/evenements\/boulogne-etangs-de-hollande-boulogne-110km-2026-1<\/a><\/td><td>110 Km<\/td><td class=\"has-text-align-center\" data-align=\"center\">N\u00b0 de parcours Openrunner:<br><strong>16316259<\/strong><\/td><\/tr><\/tbody><\/table><\/figure>\n\n\n\n<ul class=\"wp-block-list\">\n<li><strong>Inscription sur place<\/strong>: \n<ol class=\"wp-block-list\">\n<li>Vendredi 27 MARS de 15 h \u00e0 19 h au club CCCB: 11, rue de Clamart, 92100 Boulogne-Billancourt<\/li>\n\n\n\n<li>Samedi 28 MARS de 6 h 30 \u00e0 8 h au d\u00e9part: Marie de Boulogne-Billancourt, 26 avenue Andr\u00e9 Morizet, 92100 Boulogne-Billancourt.<\/li>\n<\/ol>\n<\/li>\n<\/ul>\n\n\n\n<p><\/p>\n\n\n\n<p style=\"text-decoration:underline\"><strong>Informations pratiques:<\/strong><\/p>\n\n\n\n<figure class=\"wp-block-table\"><table><tbody><tr><td>R\u00e8glement<\/td><td>D\u00e9part \u00e0 la mairie de Boulogne-Billancourt au 26 avenue Andr\u00e9 Morizet, 9100 Boulogne-Billancourt.<br><br>Arriv\u00e9e au 11 Rue de Clamart, 92100 Boulogne-Billancourt<br><br>Heures de d\u00e9part: <br>&#8211; 220 Km: Echelonn\u00e9 de 6 h 30 \u00e0 8 h 00<br>&#8211; 110 Km: Echelonn\u00e9 de 7 h 00 \u00e0 8 h 00<br>&#8211; Heure de cl\u00f4ture: 19 h 00, DERNIER DELAIS<br><br>Parcours Fl\u00e9ch\u00e9: Uniquement sur Boulogne -> Etant de Hollande -> Boulogne<br><br>Contr\u00f4le et ravitaillement: Pr\u00e9vues sur le parcours, \u00e0 la base de loisirs Etangs de Hollande les Br\u00e9viaires pour les 110 KM et le 220 KM (Aller et retour de Chateauneuf)<br><br>220 Km: Plateau repas, boissons et caf\u00e9, \u00e0 Chateauneuf en Thymerais pour les pr\u00e9inscrits et ravitaillement classique pour les non pr\u00e9inscrits.<br><br>A l&rsquo;arriv\u00e9e, Remise des coupes au 11 rue de Clamart, 92100 Boulogne-Billancourt.<\/td><\/tr><tr><td>Engagements<\/td><td>220 Km: <br>&#8211; Licenci\u00e9s 20,00 Euros <br>&#8211; Non licenci\u00e9s: 23,00 Euros <br>&#8211; Suppl\u00e9ment de 2,00 Euros pour les inscriptions sur place <br>&#8211; Jeunes moins de 18 ans: Gratuit<br><br>110 Km: <br>&#8211; Licenci\u00e9s 8,00 Euros <br>&#8211; Non licenci\u00e9s: 11,00 Euros <br>&#8211; Suppl\u00e9ment de 2,00 Euros pour les inscriptions sur place <br>&#8211; Jeunes moins de 18 ans: Gratuit<\/td><\/tr><tr><td>Parking<\/td><td>Parking au d\u00e9part du parcours: Boulevard Anatole France \u2013 fl\u00e9ch\u00e9 A\/R<br>(Entre le quai du 4 Septembre et la porte de l\u2019hippodrome)<\/td><\/tr><\/tbody><\/table><\/figure>\n\n\n\n<p style=\"text-decoration:underline\"><strong>T\u00e9l\u00e9chargements:<\/strong><\/p>\n\n\n\n<p>T\u00e9l\u00e9charger parcours GPX, pour Boulogne &#8211; Chateauneuf \u00ab\u00a0D\u00e9compresser le fichier pour avoir le GPX\u00a0\u00bb:<\/p>\n\n\n\n<div class=\"wp-block-file\"><a id=\"wp-block-file--media-f09a0a8e-34fa-4a62-8f43-30f86ce92ab9\" href=\"https:\/\/ccbbcyclo.fr\/wp-content\/uploads\/2023\/03\/boulogne_chateauneuf_boulogne220km.zip\">boulogne_chateauneuf_boulogne220km<\/a><a href=\"https:\/\/ccbbcyclo.fr\/wp-content\/uploads\/2023\/03\/boulogne_chateauneuf_boulogne220km.zip\" class=\"wp-block-file__button wp-element-button\" download aria-describedby=\"wp-block-file--media-f09a0a8e-34fa-4a62-8f43-30f86ce92ab9\">T\u00e9l\u00e9charger<\/a><\/div>\n\n\n\n<p><\/p>\n\n\n\n<p>T\u00e9l\u00e9charger parcours GPX, pour Boulogne &#8211; Les \u00e9tangs de Hollande \u00ab\u00a0D\u00e9compresser le fichier pour avoir le GPX\u00a0\u00bb:<\/p>\n\n\n\n<div class=\"wp-block-file\"><a id=\"wp-block-file--media-4d4fed44-6fb3-47c4-814f-d8f80254b84c\" href=\"https:\/\/ccbbcyclo.fr\/wp-content\/uploads\/2023\/03\/Boulogne_les_breviaires_Boulogne110km.zip\">Boulogne_les_breviaires_Boulogne110km<\/a><a href=\"https:\/\/ccbbcyclo.fr\/wp-content\/uploads\/2023\/03\/Boulogne_les_breviaires_Boulogne110km.zip\" class=\"wp-block-file__button wp-element-button\" download aria-describedby=\"wp-block-file--media-4d4fed44-6fb3-47c4-814f-d8f80254b84c\">T\u00e9l\u00e9charger<\/a><\/div>\n\n\n\n<p>T\u00e9l\u00e9charger les parcours en PDF ainsi que les instructions de s\u00e9curit\u00e9:<\/p>\n\n\n\n<div class=\"wp-block-file\"><a id=\"wp-block-file--media-f751d62a-0b34-4a36-924a-0e7e98e492b7\" href=\"https:\/\/ccbbcyclo.fr\/wp-content\/uploads\/2023\/03\/Parcours-110220.pdf\">Parcours-110 et 220 KM en PDF<\/a><a href=\"https:\/\/ccbbcyclo.fr\/wp-content\/uploads\/2023\/03\/Parcours-110220.pdf\" class=\"wp-block-file__button wp-element-button\" download aria-describedby=\"wp-block-file--media-f751d62a-0b34-4a36-924a-0e7e98e492b7\">T\u00e9l\u00e9charger<\/a><\/div>\n\n\n\n<div class=\"wp-block-columns is-layout-flex wp-container-core-columns-is-layout-9d6595d7 wp-block-columns-is-layout-flex\">\n<div class=\"wp-block-column is-layout-flow wp-block-column-is-layout-flow\"><\/div>\n<\/div>\n\n\n\n<ul class=\"wp-block-list\">\n<li><\/li>\n<\/ul>\n\n\n\n<p><\/p>\n","protected":false},"excerpt":{"rendered":"<p>37 \u00e9me \u00e9dition de notre randonn\u00e9e annuelle Le CYCLO &#8211; CLUB de BOULOGNE BILLANCOURT vous invite le samedi 28 mars 2026&nbsp;\u00e0 la 37\u00e8me \u00e9dition de Boulogne-Billancourt &lt;-&gt; Chateauneuf en Thymerais, challenge \u00ab\u00a0Christian RICHON\u00a0\u00bb sur le parcours de 220 Km. Boulogne-Billancourt &lt;-&gt; Les Breviaires et \u00e9tangs de Hollande challenge \u00ab\u00a0Danielle RICHON\u00a0\u00bb sur le parcours de 110[&#8230;]<\/p>\n","protected":false},"author":1,"featured_media":0,"parent":0,"menu_order":0,"comment_status":"closed","ping_status":"closed","template":"","meta":{"footnotes":""},"class_list":["post-737","page","type-page","status-publish","hentry","et-post-article","et-default-post-layout"],"_links":{"self":[{"href":"https:\/\/ccbbcyclo.fr\/index.php\/wp-json\/wp\/v2\/pages\/737","targetHints":{"allow":["GET"]}}],"collection":[{"href":"https:\/\/ccbbcyclo.fr\/index.php\/wp-json\/wp\/v2\/pages"}],"about":[{"href":"https:\/\/ccbbcyclo.fr\/index.php\/wp-json\/wp\/v2\/types\/page"}],"author":[{"embeddable":true,"href":"https:\/\/ccbbcyclo.fr\/index.php\/wp-json\/wp\/v2\/users\/1"}],"replies":[{"embeddable":true,"href":"https:\/\/ccbbcyclo.fr\/index.php\/wp-json\/wp\/v2\/comments?post=737"}],"version-history":[{"count":19,"href":"https:\/\/ccbbcyclo.fr\/index.php\/wp-json\/wp\/v2\/pages\/737\/revisions"}],"predecessor-version":[{"id":1979,"href":"https:\/\/ccbbcyclo.fr\/index.php\/wp-json\/wp\/v2\/pages\/737\/revisions\/1979"}],"wp:attachment":[{"href":"https:\/\/ccbbcyclo.fr\/index.php\/wp-json\/wp\/v2\/media?parent=737"}],"curies":[{"name":"wp","href":"https:\/\/api.w.org\/{rel}","templated":true}]}}