{"id":110,"date":"2022-12-11T20:11:12","date_gmt":"2022-12-11T19:11:12","guid":{"rendered":"http:\/\/ccbbcyclo.fr\/?page_id=110"},"modified":"2026-04-01T21:35:58","modified_gmt":"2026-04-01T19:35:58","slug":"accueil","status":"publish","type":"page","link":"https:\/\/ccbbcyclo.fr\/","title":{"rendered":"Accueil"},"content":{"rendered":"\n<p><\/p>\n\n\n\n<h2 class=\"wp-block-heading\">Pr\u00e9sentation du CCBB:<\/h2>\n\n\n\n<p><em>Le CCBB est un club affili\u00e9&nbsp; \u00e0 la F\u00e9d\u00e9ration Fran\u00e7aise de CycloTourisme (FFCT) et \u00e0 son Comit\u00e9 D\u00e9partemental des Hauts de Seine (Codep92).<\/em><\/p>\n\n\n\n<p><em>Pr\u00e9sid\u00e9 par Jean-Christophe Bazin,&nbsp; il&nbsp;<\/em><em>compte<\/em><em>&nbsp;une quarantaine de licenci\u00e9s,&nbsp;<\/em><em>hommes et femmes,&nbsp;<\/em><em>de niveaux et d\u2019\u00e2ge vari\u00e9s.<\/em><\/p>\n\n\n\n<h2 class=\"wp-block-heading\">Valeurs du CCBB<\/h2>\n\n\n\n<ul class=\"wp-block-list\">\n<li><em>&#8211; D\u00e9velopper et encourager la pratique du cyclotourisme, sans esprit de comp\u00e9tition,&nbsp;<\/em><\/li>\n<\/ul>\n\n\n\n<ul class=\"wp-block-list\">\n<li>&#8211; <em>S\u00e9curit\u00e9 sur la route<\/em><\/li>\n<\/ul>\n\n\n\n<ul class=\"wp-block-list\">\n<li>&#8211; <em>Solidarit\u00e9 et &nbsp;convivialit\u00e9 sportive \u00ab&nbsp;On part et on revient ensemble&nbsp;\u00bb<\/em><\/li>\n<\/ul>\n\n\n\n<ul class=\"wp-block-list\">\n<li>&#8211; <em>D\u00e9couverte, &nbsp;curiosit\u00e9 et ouverture aux autres<\/em><\/li>\n<\/ul>\n\n\n\n<p><\/p>\n\n\n\n<h2 class=\"wp-block-heading\">Nos sorties cyclo<\/h2>\n\n\n\n<p><em>Elles sont organis\u00e9es chaque dimanche matin, avec des d\u00e9parts et des distances variables en fonction de la saison et des capacit\u00e9s des diff\u00e9rents groupes.&nbsp;<\/em><em>Nos parcours, qui privil\u00e9gient autant que possible les petites routes et les itin\u00e9raires cyclables,&nbsp;<\/em><em>vont de 50 kilom\u00e8tres en hiver \u00e0 des sorties plus longues en \u00e9t\u00e9. Deux groupes peuvent se constituer, permettant \u00e0 chacun des&nbsp;<\/em><em>participants<\/em><em>&nbsp;de trouver son rythme.&nbsp;<\/em><\/p>\n\n\n\n<p><em>De plus,&nbsp;<\/em><em>le club participe aux randonn\u00e9es organis\u00e9es par les autres associations du 92&nbsp;<\/em><em>tout au long de la saison<\/em><em>.<\/em><\/p>\n\n\n\n<h2 class=\"wp-block-heading\">Randonn\u00e9e annuelle, Boulogne-Billancourt &lt;-&gt; Ch\u00e2teauneuf en Thymerais:<\/h2>\n\n\n\n<p><em>Comme les autres clubs du 92, le CCBB organise \u00e0 son tour une manifestation annuelle&nbsp;au mois d\u2019avril, \u00e0 laquelle les autres clubs sont convi\u00e9s&nbsp;ainsi que les&nbsp;individuels.<\/em><\/p>\n\n\n\n<p><em>Deux distances sont programm\u00e9es<\/em><em>:<\/em><\/p>\n\n\n\n<ul class=\"wp-block-list\">\n<li>&#8211; <em>110 KM: Boulogne -&gt; Les \u00e9tangs de Hollande -&gt; Boulogne<\/em><\/li>\n<\/ul>\n\n\n\n<ul class=\"wp-block-list\">\n<li>&#8211; <em>220 KM: Boulogne -&gt; Ch\u00e2teauneuf en Thymerais -&gt; Boulogne<\/em><\/li>\n<\/ul>\n\n\n\n<p><\/p>\n\n\n\n<h2 class=\"wp-block-heading\">S\u00e9jour v\u00e9lo:<\/h2>\n\n\n\n<p><em>Nous organisons chaque ann\u00e9e une&nbsp;<\/em><em>\u00ab&nbsp;semaine v\u00e9lo&nbsp;\u00bb&nbsp;<\/em><em>pour d\u00e9couvrir&nbsp;<\/em><em>ensemble et dans la convivialit\u00e9 sportive&nbsp;<\/em><em>une r\u00e9gion de notre beau pays.<\/em><\/p>\n","protected":false},"excerpt":{"rendered":"<p>Pr\u00e9sentation du CCBB: Le CCBB est un club affili\u00e9&nbsp; \u00e0 la F\u00e9d\u00e9ration Fran\u00e7aise de CycloTourisme (FFCT) et \u00e0 son Comit\u00e9 D\u00e9partemental des Hauts de Seine (Codep92). Pr\u00e9sid\u00e9 par Jean-Christophe Bazin,&nbsp; il&nbsp;compte&nbsp;une quarantaine de licenci\u00e9s,&nbsp;hommes et femmes,&nbsp;de niveaux et d\u2019\u00e2ge vari\u00e9s. Valeurs du CCBB Nos sorties cyclo Elles sont organis\u00e9es chaque dimanche matin, avec des d\u00e9parts[&#8230;]<\/p>\n","protected":false},"author":1,"featured_media":145,"parent":0,"menu_order":0,"comment_status":"closed","ping_status":"closed","template":"","meta":{"footnotes":""},"class_list":["post-110","page","type-page","status-publish","has-post-thumbnail","hentry","et-post-article","et-default-post-layout"],"_links":{"self":[{"href":"https:\/\/ccbbcyclo.fr\/index.php\/wp-json\/wp\/v2\/pages\/110","targetHints":{"allow":["GET"]}}],"collection":[{"href":"https:\/\/ccbbcyclo.fr\/index.php\/wp-json\/wp\/v2\/pages"}],"about":[{"href":"https:\/\/ccbbcyclo.fr\/index.php\/wp-json\/wp\/v2\/types\/page"}],"author":[{"embeddable":true,"href":"https:\/\/ccbbcyclo.fr\/index.php\/wp-json\/wp\/v2\/users\/1"}],"replies":[{"embeddable":true,"href":"https:\/\/ccbbcyclo.fr\/index.php\/wp-json\/wp\/v2\/comments?post=110"}],"version-history":[{"count":30,"href":"https:\/\/ccbbcyclo.fr\/index.php\/wp-json\/wp\/v2\/pages\/110\/revisions"}],"predecessor-version":[{"id":2925,"href":"https:\/\/ccbbcyclo.fr\/index.php\/wp-json\/wp\/v2\/pages\/110\/revisions\/2925"}],"wp:featuredmedia":[{"embeddable":true,"href":"https:\/\/ccbbcyclo.fr\/index.php\/wp-json\/wp\/v2\/media\/145"}],"wp:attachment":[{"href":"https:\/\/ccbbcyclo.fr\/index.php\/wp-json\/wp\/v2\/media?parent=110"}],"curies":[{"name":"wp","href":"https:\/\/api.w.org\/{rel}","templated":true}]}}